{"id":619,"date":"2015-08-05T10:47:51","date_gmt":"2015-08-05T09:47:51","guid":{"rendered":"http:\/\/flv.projet-client.com\/?page_id=619"},"modified":"2019-07-17T13:53:28","modified_gmt":"2019-07-17T12:53:28","slug":"la-collection-les-grands-crus","status":"publish","type":"page","link":"https:\/\/www.flvuitton.com\/en\/la-collection-les-grands-crus\/","title":{"rendered":"La Collection &#8211; Les grands crus"},"content":{"rendered":"<img loading=\"lazy\" decoding=\"async\" class=\"alignnone wp-image-1005 size-full\" src=\"\/wp-content\/uploads\/2014\/05\/collectiongrandcruen.png\" alt=\"\" width=\"680\" height=\"127\" srcset=\"https:\/\/www.flvuitton.com\/wp-content\/uploads\/2014\/05\/collectiongrandcruen.png 680w, https:\/\/www.flvuitton.com\/wp-content\/uploads\/2014\/05\/collectiongrandcruen-300x56.png 300w, https:\/\/www.flvuitton.com\/wp-content\/uploads\/2014\/05\/collectiongrandcruen-400x75.png 400w\" sizes=\"auto, (max-width: 680px) 100vw, 680px\" \/><\/p>\n<div class=\"pixcode-slider  pixslider  js-pixslider\" data-arrows data-autoheight data-slidertransition=\"move\">\n<div class=\"slide\">\n<h4>La cuv\u00e9e priv\u00e9e du<br \/>\nCh\u00e2teau L\u00e9oville-Poyferr\u00e9<\/h4>\n<p>Grand Cru Class\u00e9 in 1855, the prestigious Ch\u00e2teau L\u00e9oville-Poyferr\u00e9 is located in the heart of the renowned M\u00e9doc region. As a superb embodiment of the Saint-Julien appellation, its elegant complexity serves to enhance its aristocratic splendour.<\/p>\n<p style=\"text-align: center;\">Discover this wine:\u00a0<a href=\"http:\/\/www.flvuitton.com\/wp-content\/uploads\/2015\/08\/ft-flv-chateau-leoville-poyferre-2013-en.pdf\" target=\"_blank\">2013 <\/a>\/ <a href=\"http:\/\/www.flvuitton.com\/wp-content\/uploads\/2015\/08\/ft-flv-chateau-leoville-poyferre-2014-en.pdf\" target=\"_blank\">2014<\/a><\/p>\n<\/div>\n<div class=\"slide\">\n<h4>La cuv\u00e9e priv\u00e9e du<br \/>\nCh\u00e2teau Lascombes<\/h4>\n<p>Ten generations have contributed to establishing the heritage of Ch\u00e2teau Lascombes, Grand Cru Class\u00e9 in 1855. Every one of them has laboured to ensure the excellence of its wines. Fine and harmonious, it reveals all the exquisite character of the Margaux appellation.<\/p>\n<p style=\"text-align: center;\">Discover this wine: <a href=\"http:\/\/www.flvuitton.com\/wp-content\/uploads\/2015\/08\/ft-flv-chateau-lascombes-2010-en.pdf\" target=\"_blank\">2010<\/a>\/ <a href=\"http:\/\/www.flvuitton.com\/wp-content\/uploads\/2015\/08\/ft-flv-chateau-lascombes-2012-en.pdf\" target=\"_blank\">2012<\/a>\u00a0\/ <a href=\"http:\/\/www.flvuitton.com\/wp-content\/uploads\/2015\/08\/ft-flv-chateau-lascombes-2014-en.pdf\" target=\"_blank\">2014<\/a><\/p>\n<p>\u00a0<\/p>\n<\/div>\n<div class=\"slide\">\n<h4>La cuv\u00e9e priv\u00e9e du<br \/>\nCh\u00e2teau Malartic-Lagravi\u00e8re<\/h4>\n<p>The Ch\u00e2teau Malartic-Lagravi\u00e8re is one of the only Grands Crus to be classified in both red and white. It reveals the outstanding work accomplished, worthy of its superb terroir. The balance between the power and suppleness explains why it is justifiably admired by wine-lovers worldwide.<\/p>\n<p style=\"text-align: center;\">Pessac-L\u00e9ognan Red:\u00a0<a href=\"http:\/\/www.flvuitton.com\/wp-content\/uploads\/2015\/08\/ft-flv-chateau-malartic-lagraviere-2009-en.pdf\" target=\"_blank\">2009<\/a> \/ <a href=\"http:\/\/www.flvuitton.com\/wp-content\/uploads\/2015\/08\/ft-flv-chateau-malartic-lagraviere-2010-en.pdf\">2010<\/a>\u00a0\/ <a href=\"http:\/\/www.flvuitton.com\/wp-content\/uploads\/2015\/08\/ft-flv-chateau-malartic-lagraviere-2013-en.pdf\" target=\"_blank\">2013<\/a> \/ <a href=\"http:\/\/www.flvuitton.com\/wp-content\/uploads\/2015\/08\/ft-flv-chateau-malartic-lagraviere-2014-en.pdf\" target=\"_blank\">2014<\/a>\u00a0\/ <a href=\"http:\/\/www.flvuitton.com\/wp-content\/uploads\/2015\/08\/ft-flv-chateau-malartic-lagraviere-2015-en.pdf\">2015<\/a>\u00a0&#8211; Pessac-L\u00e9ognan White: <a href=\"http:\/\/www.flvuitton.com\/wp-content\/uploads\/2015\/08\/ft-flv-chateau-malartic-lagraviere-blanc-2015-en1.pdf\" target=\"_blank\">2015<\/a><\/p>\n<\/div>\n<div class=\"slide\">\n<h4>La cuv\u00e9e priv\u00e9e du<br \/>\nCh\u00e2teau La Gaffeli\u00e8re<\/h4>\n<p>The Ch\u00e2teau La Gaffeli\u00e8re is a family-owned property which seems to have leaped from the pages of History. This Premier Grand Cru Class\u00e9 embodies the elegance of Saint- Emilion. This smooth, fresh wine reveals all the loving care lavished on this vineyard with its historic charm.<\/p>\n<p style=\"text-align: center;\">Discover this wine: <a href=\"http:\/\/www.flvuitton.com\/wp-content\/uploads\/2015\/08\/ft-chateau-la-gaffeliere-2009-collection-personnelle-flv-en1.pdf\" target=\"_blank\">2009<\/a>\u00a0\/ <a href=\"http:\/\/www.flvuitton.com\/wp-content\/uploads\/2015\/08\/ft-chateau-la-gaffeliere-2012-collection-personnelle-flv-en1.pdf\" target=\"_blank\">2012<\/a>\u00a0\/ <a href=\"http:\/\/www.flvuitton.com\/wp-content\/uploads\/2015\/08\/ft-flv-chateau-la-gaffeliere-2014-en.pdf\" target=\"_blank\">2014<\/a><\/p>\n<\/div>\n<div class=\"slide\">\n<h4>La cuv\u00e9e priv\u00e9e du<br \/>\nCh\u00e2teau Beauregard<\/h4>\n<p>Ch\u00e2teau Beauregard with its time-honoured savoir-faire has been reborn to become a Pomerol great. Built in the XIIth century in the heart of the smallest and prestigious Bordeaux appellation, the estate has established its reputation on its majestic site but also on its remarkably fresh and elegant wines, like this private cuv\u00e9e.<\/p>\n<p style=\"text-align: center;\"><a href=\"http:\/\/www.flvuitton.com\/wp-content\/uploads\/2015\/08\/ft-flv-chateau-beauregard-2015-en.pdf\" target=\"_blank\">Discover this wine<\/a><\/p>\n<\/div>\n<div class=\"slide\">\n<h4>La cuv\u00e9e priv\u00e9e du<br \/>\nCh\u00e2teau Dauzac<\/h4>\n<p>Grand Cru Class\u00e9 in 1855, Ch\u00e2teau Dauzac has been revealing for centuries the quintessence of an exceptional terroir by perpetuating the tradition inherited from the past and by valuing the estate\u2019s exceptional biodiversity, a key source for the quality of the wine.<\/p>\n<p style=\"text-align: center;\"><a href=\"http:\/\/www.flvuitton.com\/wp-content\/uploads\/2015\/08\/flv-chateau-dauzac-2015-en.pdf\" target=\"_blank\">Discover this wine<\/a><\/p>\n<\/div>\n<div class=\"slide\">\n<h4>La cuv\u00e9e priv\u00e9e du<br \/>\nCh\u00e2teau Faug\u00e8res<\/h4>\n<p>Ch\u00e2teau Faug\u00e8res is an unfinished story written with passion, dedication and an insistence on quality \u2013 the hallmarks of its owner Silvio Denz. Its winery, veritable cathedral of wine which overlooks the vineyard, is today a landmark in Saint-\u00c9milion.<\/p>\n<p style=\"text-align: center;\"><a href=\"http:\/\/www.flvuitton.com\/wp-content\/uploads\/2015\/08\/ft-flv-chateau-faugeres-2014-en.pdf\" target=\"_blank\">Discover this wine<\/a><\/p>\n<\/div>\n<div class=\"slide\">\n<h4>La cuv\u00e9e priv\u00e9e du<br \/>\nCh\u00e2teau\u00a0Cadet-Bon<\/h4>\n<p>Located at the edge of the medieval city, on the southern slope of the \u00abButte du Cadet\u00bb hillside,<br \/>\nCh\u00e2teau Cadet-Bon vineyards benefit from an exceptional soil and micro-climate. As a result from<br \/>\na unique tradition since the XIVth century, this complex and elegant Saint-\u00c9milion rises<br \/>\nto the rank of the Grands Crus Class\u00e9s.<\/p>\n<p style=\"text-align: center;\"><a href=\"http:\/\/www.flvuitton.com\/wp-content\/uploads\/2015\/08\/ft-chateau-cadet-bon-2014-collection-personnelle-flv-en.pdf\" target=\"_blank\">Discover this wine<\/a><\/p>\n<\/div>\n<div class=\"slide\">\n<h4>La cuv\u00e9e priv\u00e9e du<br \/>\nCh\u00e2teau Lafaurie-Peyraguey<\/h4>\n<p>The history and reputation of Ch\u00e2teau Lafaurie-Peyraguey are inextricably bound up with those of the Sauternes appellation and the 1855 classification. The wealth of relics at the ch\u00e2teau bear witness to the eight-century heritage of Ch\u00e2teau Lafaurie-Peyraguey.<\/p>\n<p style=\"text-align: center;\"><a href=\"http:\/\/www.flvuitton.com\/wp-content\/uploads\/2015\/08\/ft-flv-chateau-lafaurie-peyraguey-2010-en1.pdf\" target=\"_blank\">Discover this wine<\/a><\/p>\n<\/div>\n<\/div>","protected":false},"excerpt":{"rendered":"","protected":false},"author":2,"featured_media":0,"parent":0,"menu_order":0,"comment_status":"closed","ping_status":"closed","template":"page-templates\/slideshow.php","meta":{"footnotes":""},"class_list":["post-619","page","type-page","status-publish","hentry"],"_links":{"self":[{"href":"https:\/\/www.flvuitton.com\/en\/wp-json\/wp\/v2\/pages\/619","targetHints":{"allow":["GET"]}}],"collection":[{"href":"https:\/\/www.flvuitton.com\/en\/wp-json\/wp\/v2\/pages"}],"about":[{"href":"https:\/\/www.flvuitton.com\/en\/wp-json\/wp\/v2\/types\/page"}],"author":[{"embeddable":true,"href":"https:\/\/www.flvuitton.com\/en\/wp-json\/wp\/v2\/users\/2"}],"replies":[{"embeddable":true,"href":"https:\/\/www.flvuitton.com\/en\/wp-json\/wp\/v2\/comments?post=619"}],"version-history":[{"count":200,"href":"https:\/\/www.flvuitton.com\/en\/wp-json\/wp\/v2\/pages\/619\/revisions"}],"predecessor-version":[{"id":1956,"href":"https:\/\/www.flvuitton.com\/en\/wp-json\/wp\/v2\/pages\/619\/revisions\/1956"}],"wp:attachment":[{"href":"https:\/\/www.flvuitton.com\/en\/wp-json\/wp\/v2\/media?parent=619"}],"curies":[{"name":"wp","href":"https:\/\/api.w.org\/{rel}","templated":true}]}}