{"id":619,"date":"2015-08-05T10:47:51","date_gmt":"2015-08-05T09:47:51","guid":{"rendered":"http:\/\/flv.projet-client.com\/?page_id=619"},"modified":"2019-07-17T13:53:28","modified_gmt":"2019-07-17T12:53:28","slug":"la-collection-les-grands-crus","status":"publish","type":"page","link":"https:\/\/www.flvuitton.com\/ja\/la-collection-les-grands-crus\/","title":{"rendered":"La Collection &#8211; Les grands crus"},"content":{"rendered":"<a href=\"http:\/\/www.flvuitton.com\/wp-content\/uploads\/2014\/05\/jp-collection.png\"><img loading=\"lazy\" decoding=\"async\" class=\"alignnone wp-image-1259 size-full\" src=\"http:\/\/www.flvuitton.com\/wp-content\/uploads\/2014\/05\/jp-collection.png\" alt=\"\" width=\"680\" height=\"125\" srcset=\"https:\/\/www.flvuitton.com\/wp-content\/uploads\/2014\/05\/jp-collection.png 680w, https:\/\/www.flvuitton.com\/wp-content\/uploads\/2014\/05\/jp-collection-300x55.png 300w, https:\/\/www.flvuitton.com\/wp-content\/uploads\/2014\/05\/jp-collection-400x74.png 400w\" sizes=\"auto, (max-width: 680px) 100vw, 680px\" \/><\/a><\/p>\n<div class=\"pixcode-slider  pixslider  js-pixslider\" data-arrows data-autoheight data-slidertransition=\"move\">\n<div class=\"slide\">\n<h4>La cuv\u00e9e priv\u00e9e du Ch\u00e2teau L\u00e9oville-Poyferr\u00e9<br \/>\n<b><i>\u30b7\u30e3\u30c8\u30fc \u30ec\u30aa\u30f4\u30a3\u30eb \u30dd\u30ef\u30d5\u30a7\u30ec<\/i><\/b><\/h4>\n<p><i>1855\u5e74\u306b\u30b0\u30e9\u30f3\u30fb\u30af\u30ea\u30e5\u7b2c2\u7d1a\u306b\u683c\u4ed8\u3051\u3055\u308c\u305f\u30b7\u30e3\u30c8\u30fc \u30ec\u30aa\u30f4\u30a3\u30eb \u30dd\u30ef\u30d5\u30a7\u30ec\u306f\u30011840\u5e74\u4ee5\u964d\u30e1\u30c9\u30c3\u30af\u3067\u6700\u5927\u9762\u7a4d\u3092\u8a87\u308b\u30d6\u30c9\u30a6\u7551\u306b\u5c5e\u3057\u3066\u3044\u307e\u3059\u3002<\/i><i>\u30a8\u30ec\u30ac\u30f3\u30c8\u3067\u5b8c\u6210\u5ea6\u304c\u9ad8\u304f\u3001\u305d\u306e\u7e4a\u7d30\u3055\u306f\u30b5\u30f3\u30fb\u30b8\u30e5\u30ea\u30a2\u30f3\u306e\u9298\u67c4\u306b\u3075\u3055\u308f\u3057\u3044\u30ef\u30a4\u30f3\u3068\u306a\u3063\u3066\u3044\u307e\u3059<\/i><i>\u3002<\/i><\/p>\n<p style=\"text-align: center;\">\u8a73\u3057\u304f\u306f\u3053\u3061\u3089:\u00a0<a href=\"http:\/\/www.flvuitton.com\/wp-content\/uploads\/2015\/08\/ft-flv-chateau-leoville-poyferre-2013-en.pdf\" target=\"_blank\">2013<\/a> \/ <a href=\"http:\/\/www.flvuitton.com\/wp-content\/uploads\/2015\/08\/ft-flv-chateau-leoville-poyferre-2014-en.pdf\" target=\"_blank\">2014<\/a><\/p>\n<\/div>\n<div class=\"slide\">\n<h4>La cuv\u00e9e priv\u00e9e du Ch\u00e2teau Lascombes<br \/>\n<b><i>\u30b7\u30e3\u30c8\u30fc \u30e9\u30b9\u30b3\u30f3\u30d6<\/i><\/b><\/h4>\n<p><i>10\u4e16\u4ee3\u306b\u308f\u305f\u308a\u53d7\u3051\u7d99\u304c\u308c\u3001\u5404\u4e16\u4ee3\u304c\u30b7\u30e3\u30c8\u30fc \u30e9\u30b9\u30b3\u30f3\u30d6 \u30ef\u30a4\u30f3\u306e\u5353\u8d8a\u3057\u305f\u54c1\u8cea\u306b\u5c3d\u529b\u3057\u3066\u304d\u307e\u3057\u305f\u3002<\/i><br \/>\n<i>\u7e4a\u7d30\u3067\u8abf\u548c\u306e\u3068\u308c\u305f\u3053\u306e\u30ef\u30a4\u30f3\u306f\u3001\u6700\u9ad8\u7d1a\u9298\u67c4\u306e\u3072\u3068\u3064\u306b\u540d\u3092\u9023\u306d\u307e\u3059\u3002 <\/i><\/p>\n<p style=\"text-align: center;\">\u8a73\u3057\u304f\u306f\u3053\u3061\u3089: <a href=\"http:\/\/www.flvuitton.com\/wp-content\/uploads\/2015\/08\/ft-flv-chateau-lascombes-2010-en.pdf\" target=\"_blank\">2010<\/a>\/ <a href=\"http:\/\/www.flvuitton.com\/wp-content\/uploads\/2015\/08\/ft-flv-chateau-lascombes-2012-en.pdf\" target=\"_blank\">2012<\/a>\u00a0\/ <a href=\"http:\/\/www.flvuitton.com\/wp-content\/uploads\/2015\/08\/ft-flv-chateau-lascombes-2014-en.pdf\" target=\"_blank\">2014<\/a><\/p>\n<p>\u00a0<\/p>\n<\/div>\n<div class=\"slide\">\n<h4>La cuv\u00e9e priv\u00e9e du Ch\u00e2teau Malartic-Lagravi\u00e8re<br \/>\n<b><i>\u30b7\u30e3\u30c8\u30fc \u30de\u30e9\u30eb\u30c6\u30a3\u30c3\u30af \u30e9\u30b0\u30e9\u30f4\u30a3\u30a8\u30fc\u30eb<\/i><\/b><\/h4>\n<p><i>\u767d\u3068\u8d64\u304c\u3068\u3082\u306b\u683c\u4ed8\u3051\u3055\u308c\u3066\u3044\u308b\u30dc\u30eb\u30c9\u30fc\u306e\u30af\u30ea\u30e5\u7d1a\u306f\u305f\u3063\u305f6\u3064\u3002\u305d\u306e\u3072\u3068\u3064\u3067\u3042\u308b\u3053\u306e\u6240\u6709\u5730\u3067\u306f\u3001\u3053\u306e\u898b\u4e8b\u306a\u571f\u5730\u306b\u3075\u3055\u308f\u3057\u3044\u5091\u51fa\u3057\u305f\u4f5c\u696d\u304c\u7aba\u3048\u307e\u3059\u3002<\/i><br \/>\n<i>\u529b\u5f37\u3055\u3068\u307e\u308d\u3084\u304b\u3055\u304c\u7d76\u5999\u306a\u30d0\u30e9\u30f3\u30b9\u3092\u4fdd\u3064\u3053\u306e\u30ef\u30a4\u30f3\u306f\u3001\u4e16\u754c\u4e2d\u306e\u611b\u597d\u5bb6\u305f\u3061\u304b\u3089\u79f0\u8cdb\u3055\u308c\u3066\u3044\u307e\u3059<\/i><i>\u3002<\/i><\/p>\n<p style=\"text-align: center;\">Pessac-L\u00e9ognan Red:\u00a0<a href=\"http:\/\/www.flvuitton.com\/wp-content\/uploads\/2015\/08\/ft-flv-chateau-malartic-lagraviere-2009-en.pdf\" target=\"_blank\">2009<\/a> \/ <a href=\"http:\/\/www.flvuitton.com\/wp-content\/uploads\/2015\/08\/ft-flv-chateau-malartic-lagraviere-2010-en.pdf\">2010<\/a>\u00a0\/ <a href=\"http:\/\/www.flvuitton.com\/wp-content\/uploads\/2015\/08\/ft-flv-chateau-malartic-lagraviere-2013-en.pdf\" target=\"_blank\">2013<\/a> \/ <a href=\"http:\/\/www.flvuitton.com\/wp-content\/uploads\/2015\/08\/ft-flv-chateau-malartic-lagraviere-2014-en.pdf\" target=\"_blank\">2014<\/a>\u00a0\/\u00a0<a href=\"http:\/\/www.flvuitton.com\/wp-content\/uploads\/2015\/08\/ft-flv-chateau-malartic-lagraviere-2015-en.pdf\">2015<\/a>\u00a0&#8211; Pessac-L\u00e9ognan White: <a href=\"http:\/\/www.flvuitton.com\/wp-content\/uploads\/2015\/08\/ft-flv-chateau-malartic-lagraviere-blanc-2015-en1.pdf\" target=\"_blank\">2015<\/a><\/p>\n<\/div>\n<div class=\"slide\">\n<h4>La cuv\u00e9e priv\u00e9e du Ch\u00e2teau La Gaffeli\u00e8re<br \/>\n<b><i>\u30b7\u30e3\u30c8\u30fc \u30e9 \u30ac\u30d5\u30ea\u30a8\u30fc\u30eb<\/i><\/b><\/h4>\n<p><i>\u305d\u306e\u540d\u58f0\u306f\u6642\u3092\u7d4c\u3066\u3082\u306a\u304a\u5065\u5728\u3067\u3059\u30024\u4e16\u7d00\u307b\u3069\u524d\u306b\u30b5\u30f3\uff1d\u30c6\u30df\u30ea\u30aa\u30f3\u306b\u30d6\u30c9\u30a6\u7551\u3092\u636e\u3048\u305f\u3053\u306e\u6240\u6709\u5730\u306f\u3001\u5148\u99c6\u8005\u3068\u3057\u3066\u306e\u7f8e\u70b9\u3092\u5099\u3048\u3066\u3044\u307e\u3059\u3002 <\/i><i>\u305d\u3053\u306b\u6ce8\u304e\u8fbc\u307e\u308c\u305f\u304d\u3081\u306e\u7d30\u304b\u3044\u914d\u616e\u3067\u3001\u3053\u306e\u571f\u5730\u3092\u6b63\u78ba\u306b\u8868\u73fe\u3059\u308b\u30ef\u30a4\u30f3\u3092\u751f\u7523\u3057\u307e\u3059<\/i><i>\u3002<\/i><\/p>\n<p style=\"text-align: center;\">\u8a73\u3057\u304f\u306f\u3053\u3061\u3089: <a href=\"http:\/\/www.flvuitton.com\/wp-content\/uploads\/2015\/08\/ft-chateau-la-gaffeliere-2009-collection-personnelle-flv-en1.pdf\" target=\"_blank\">2009<\/a>\u00a0\/ <a href=\"http:\/\/www.flvuitton.com\/wp-content\/uploads\/2015\/08\/ft-chateau-la-gaffeliere-2012-collection-personnelle-flv-en1.pdf\" target=\"_blank\">2012<\/a>\u00a0\/\u00a0<a href=\"http:\/\/www.flvuitton.com\/wp-content\/uploads\/2015\/08\/ft-flv-chateau-la-gaffeliere-2014-en.pdf\" target=\"_blank\">2014<\/a><\/p>\n<\/div>\n<div class=\"slide\">\n<h4>La cuv\u00e9e priv\u00e9e du Ch\u00e2teau\u00a0Beauregard<br \/>\n<b><i>\u30b7\u30e3\u30c8\u30fc\u30fb\u30dc\u30fc\u30eb\u30ac\u30fc\u30eb<\/i><\/b><\/h4>\n<p><em>\u300c\u53e4\u304f\u304b\u3089\u4f1d\u308f\u308b\u30b5\u30f4\u30a9\u30ef\u30d5\u30a7\u30fc\u30eb\u306b\u3088\u308a\u518d\u751f\u3092\u9042\u3052\u308b\u30b7\u30e3\u30c8\u30fc\u30fb\u30dc\u30fc\u30eb\u30ac\u30fc\u30eb\u304c\u3001\u5049\u5927\u306a\u308b\u30dd\u30e0\u30ed\u30fc\u30eb<\/em> <em>\u30ef\u30a4\u30f3\u3092\u5275\u4f5c\u3057\u307e\u3059\u3002\u30dc\u30eb\u30c9\u30fc\u3067\u6700\u5c0f\u306a\u304c\u3089\u3082\u6700\u3082\u6a29\u5a01\u3042\u308b\u30a2\u307a\u30e9\u30b7\u30aa\u30f3\u306e\u4e2d\u5fc3\u3067<\/em><em>12<\/em><em>\u4e16\u7d00\u306b\u8a95\u751f\u3057\u305f\u3053\u306e\u7523\u5730\u306f\u3001\u5a01\u53b3\u306b\u6e80\u3061\u305f\u571f\u5730\u3068\u3001\u6975\u3081\u3066\u65b0\u9bae\u3067\u30a8\u30ec\u30ac\u30f3\u30c8\u306a\u30ef\u30a4\u30f3\u3092\u901a\u3057\u3066\u3001\u305d\u306e\u540d\u58f0\u3092\u78ba\u7acb\u3057\u307e\u3057\u305f\u3002\u300d<\/em><\/p>\n<p style=\"text-align: center;\"><a href=\"http:\/\/www.flvuitton.com\/wp-content\/uploads\/2015\/08\/ft-flv-chateau-beauregard-2015-en.pdf\" target=\"_blank\">\u8a73\u3057\u304f\u306f\u3053\u3061\u3089<\/a><\/p>\n<\/div>\n<div class=\"slide\">\n<h4>La cuv\u00e9e priv\u00e9e du Ch\u00e2teau\u00a0Dauzac<br \/>\n<b><i>\u30b7\u30e3\u30c8\u30fc\u30fb\u30c9\u30fc\u30b6\u30c3\u30af\u306e\u30d7\u30e9\u30a4\u30d9\u30fc\u30c8\u30fb\u30ad\u30e5\u30f4\u30a7<\/i><\/b><\/h4>\n<p><em>1855\u5e74\u306b\u30b0\u30e9\u30f3\u30fb\u30af\u30ea\u30e5\u30fb\u30af\u30e9\u30c3\u30bb\u306b\u683c\u4ed8\u3051\u3055\u308c\u305f\u30b7\u30e3\u30c8\u30fc\u30fb\u30c9\u30fc\u30b6\u30c3\u30af\u306f\u3001\u305d\u306e\u7a00\u6709\u306a\u30c6\u30ed\u30ef\u30fc\u30eb\u3067\u3001\u5148\u9054\u306e\u4f1d\u7d71\u3092\u53d7\u3051\u7d99\u304e\u3064\u3064\u3001\u3055\u3089\u306b\u3001\u30c9\u30e1\u30fc\u30cc\u306e\u9ad8\u54c1\u8cea\u306e\u30ef\u30a4\u30f3\u306e\u6e90\u3068\u3082\u3044\u3048\u308b\u8cb4\u91cd\u306a\u751f\u7269\u591a\u69d8\u6027\u3092\u7dad\u6301\u3057\u306a\u304c\u3089\u3001\u4f55\u4e16\u7d00\u306b\u3082\u308f\u305f\u308a\u30ef\u30a4\u30f3\u9020\u308a\u3092\u3057\u3066\u3044\u307e\u3059\u3002<\/em><\/p>\n<p style=\"text-align: center;\"><a href=\"http:\/\/www.flvuitton.com\/wp-content\/uploads\/2015\/08\/flv-chateau-dauzac-2015-en.pdf\">\u8a73\u3057\u304f\u306f\u3053\u3061\u3089<\/a><\/p>\n<\/div>\n<div class=\"slide\">\n<h4>La cuv\u00e9e priv\u00e9e du Ch\u00e2teau\u00a0Faug\u00e8res<br \/>\n<b><i>\u30b7\u30e3\u30c8\u30fc\u30fb\u30d5\u30a9\u30b8\u30a7\u30fc\u30eb<\/i><\/b><\/h4>\n<p><em>\u300c\u30b7\u30e3\u30c8\u30fc\u30fb\u30d5\u30a9\u30b8\u30a7\u30fc\u30eb\u306e\u6b74\u53f2\u306f\u60c5\u71b1\u306b\u7aef\u3092\u767a\u3057\u307e\u3059\u3002\u30ef\u30a4\u30f3\u3084\u82b8\u8853\u3001\u5efa\u7bc9\u306b\u60c5\u71b1\u3092\u50be\u3051\u305f\u7d4c\u55b6\u8005\u30b7\u30eb\u30f4\u30a3\u30aa\u30fb\u30c7\u30f3\u30c4\u306f\u3001\u305d\u308c\u4ee5\u964d\u5f37\u3044\u8cac\u4efb\u611f\u3068\u54c1\u8cea\u306e\u8ffd\u6c42\u3092\u3082\u3063\u3066\u7d4c\u55b6\u306b\u643a\u308f\u308a\u3001\u305d\u308c\u304c\u7279\u5fb4\u3068\u3057\u3066\u53cd\u6620\u3055\u308c\u3066\u3044\u307e\u3059\u3002\u30ef\u30a4\u30f3\u306e\u8056\u5802\u3068\u8a00\u3048\u308b\u5f7c\u306e\u91b8\u9020\u6240\u306f\u3001\u30d6\u30c9\u30a6\u7551\u3092\u898b\u4e0b\u308d\u3059\u9ad8\u53f0\u306b\u4f4d\u7f6e\u3057\u3001\u4eca\u65e5\u30b5\u30f3<\/em><em>=<\/em><em>\u30c6\u30df\u30ea\u30aa\u30f3\u306e\u98a8\u666f\u306b\u3066\u78ba\u304b\u306a\u6307\u6a19\u3068\u306a\u3063\u3066\u3044\u307e\u3059\u3002\u300d<\/em><\/p>\n<p style=\"text-align: center;\"><a href=\"http:\/\/www.flvuitton.com\/wp-content\/uploads\/2015\/08\/ft-flv-chateau-faugeres-2014-en.pdf\" target=\"_blank\">\u8a73\u3057\u304f\u306f\u3053\u3061\u3089<\/a><\/p>\n<\/div>\n<div class=\"slide\">\n<h4>La cuv\u00e9e priv\u00e9e du Ch\u00e2teau\u00a0Cadet-Bon<br \/>\n<b><i>\u30b7\u30e3\u30c8\u30fc\u30fb\u30ab\u30c7\u30fb\u30dc\u30f3<\/i><\/b><\/h4>\n<p>\u4e2d\u4e16\u90fd\u5e02\u306e\u7384\u95a2\u53e3\u3001\u30ab\u30c7\u306e\u4e18\u9675\u5357\u306b\u5e83\u304c\u308b\u7279\u5225\u306a\u5730\u8cea\u306b\u6075\u307e\u308c\u305f\u88fe\u91ce\u3067\u3001 \u30b7\u30e3\u30c8\u30fc\u30fb\u30ab\u30c7\u30fb\u30dc\u30f3\u306e\u8461\u8404\u306f\u80b2\u3066\u3089\u308c\u3066\u3044\u307e\u3059\u300214\u4e16\u7d00\u304b\u3089\u7d9a\u304f\u77e5\u8b58\u3068\u6280\u8853\u306e\u7d50\u5b9f\u306b\u3088\u308a\u3001\u8907\u96d1\u3067\u30cb\u30e5\u30a2\u30f3\u30b9\u306b\u5bcc\u3080\u3053\u306e\u30b5\u30f3\u30c6\u30df\u30ea\u30aa\u30f3\u306e\u30ef\u30a4\u30f3\u306f\u3001\u30b0\u30e9\u30f3\u30af\u30ea\u30e5\u30fb\u30af\u30e9\u30c3\u30bb\u306e\u683c\u4ed8\u3051\u3092\u7372\u5f97\u3057\u3066\u3044\u307e\u3059\u3002<\/p>\n<p style=\"text-align: center;\"><a href=\"http:\/\/www.flvuitton.com\/wp-content\/uploads\/2015\/08\/ft-chateau-cadet-bon-2014-collection-personnelle-flv-en.pdf\" target=\"_blank\">\u8a73\u3057\u304f\u306f\u3053\u3061\u3089<\/a><\/p>\n<\/div>\n<div class=\"slide\">\n<h4>La cuv\u00e9e priv\u00e9e du Ch\u00e2teau\u00a0Lafaurie-Peyraguey<br \/>\n<b><i>\u30b7\u30e3\u30c8\u30fc\u30fb\u30e9\u30d5\u30a9\u30ea\u30fb\u30da\u30e9\u30b2 <\/i><\/b><\/h4>\n<p>\u30b7\u30e3\u30c8\u30fc\u30fb\u30e9\u30d5\u30a9\u30ea\u30fb\u30da\u30e9\u30b2\u306e\u6b74\u53f2\u3068\u540d\u58f0\u306f\u3001\u30bd\u30fc\u30c6\u30eb\u30cc\u3068\uff11\uff18\uff15\uff15\u5e74\u306e\u683c\u4ed8\u3051\u306e\u305d\u308c\u306b\u7d50\u3073\u3064\u3044\u3066\u3044\u307e\u3059\u3002\u30b7\u30e3\u30c8\u30fc\u306e\u77f3\u3068\u30a2\u30fc\u30ab\u30a4\u30d6\u306f\u3001\u30b7\u30e3\u30c8\u30fc\u30fb\u30e9\u30d5\u30a9\u30ea\u30fb\u307a\u30e9\u30b2\u306e\u3001\uff18\u4e16\u7d00\u306b\u308f\u305f\u308b\u8c4a\u304b\u306a\u904e\u53bb\u306e\u8a3c\u8a00\u3067\u3042\u308a\u307e\u3059\u3002<\/p>\n<p style=\"text-align: center;\"><a href=\"http:\/\/www.flvuitton.com\/wp-content\/uploads\/2015\/08\/ft-flv-chateau-lafaurie-peyraguey-2010-en1.pdf\" target=\"_blank\">\u8a73\u3057\u304f\u306f\u3053\u3061\u3089<\/a><\/p>\n<\/div>\n<\/div>","protected":false},"excerpt":{"rendered":"","protected":false},"author":2,"featured_media":0,"parent":0,"menu_order":0,"comment_status":"closed","ping_status":"closed","template":"page-templates\/slideshow.php","meta":{"footnotes":""},"class_list":["post-619","page","type-page","status-publish","hentry"],"_links":{"self":[{"href":"https:\/\/www.flvuitton.com\/ja\/wp-json\/wp\/v2\/pages\/619","targetHints":{"allow":["GET"]}}],"collection":[{"href":"https:\/\/www.flvuitton.com\/ja\/wp-json\/wp\/v2\/pages"}],"about":[{"href":"https:\/\/www.flvuitton.com\/ja\/wp-json\/wp\/v2\/types\/page"}],"author":[{"embeddable":true,"href":"https:\/\/www.flvuitton.com\/ja\/wp-json\/wp\/v2\/users\/2"}],"replies":[{"embeddable":true,"href":"https:\/\/www.flvuitton.com\/ja\/wp-json\/wp\/v2\/comments?post=619"}],"version-history":[{"count":200,"href":"https:\/\/www.flvuitton.com\/ja\/wp-json\/wp\/v2\/pages\/619\/revisions"}],"predecessor-version":[{"id":1956,"href":"https:\/\/www.flvuitton.com\/ja\/wp-json\/wp\/v2\/pages\/619\/revisions\/1956"}],"wp:attachment":[{"href":"https:\/\/www.flvuitton.com\/ja\/wp-json\/wp\/v2\/media?parent=619"}],"curies":[{"name":"wp","href":"https:\/\/api.w.org\/{rel}","templated":true}]}}