{"id":15,"date":"2014-05-30T09:17:16","date_gmt":"2014-05-30T09:17:16","guid":{"rendered":"http:\/\/pixelgrade.com\/demos\/rosa2\/?page_id=15"},"modified":"2023-08-25T10:36:29","modified_gmt":"2023-08-25T09:36:29","slug":"le-film","status":"publish","type":"page","link":"https:\/\/www.flvuitton.com\/pt\/frontpage\/le-film\/","title":{"rendered":"Le Film"},"content":{"rendered":"<div class=\"pixcode  pixcode--grid  grid  \">\n\n<div class=\"grid__item one-whole palm-one-whole \">\n\n<p style=\"text-align: center;\">H\u00e1 muito ligado a Bord\u00e9us e \u00e0 vida prazenteira da bacia de Arcachon, \u00e9 nesse local que alimenta a sua paix\u00e3o pelo vinho.<\/p>\n<p style=\"text-align: center;\"><a  class=\"pixcode  pixcode--btn  btn  btn--text\" href=\"francois-louis-vuitton\/\" >Descobrir<\/a>\n<p style=\"text-align: center;\">\n\n<\/div>\n\n\n<\/div>","protected":false},"excerpt":{"rendered":"","protected":false},"author":2,"featured_media":1164,"parent":5,"menu_order":1,"comment_status":"closed","ping_status":"closed","template":"","meta":{"footnotes":""},"class_list":["post-15","page","type-page","status-publish","has-post-thumbnail","hentry"],"_links":{"self":[{"href":"https:\/\/www.flvuitton.com\/pt\/wp-json\/wp\/v2\/pages\/15","targetHints":{"allow":["GET"]}}],"collection":[{"href":"https:\/\/www.flvuitton.com\/pt\/wp-json\/wp\/v2\/pages"}],"about":[{"href":"https:\/\/www.flvuitton.com\/pt\/wp-json\/wp\/v2\/types\/page"}],"author":[{"embeddable":true,"href":"https:\/\/www.flvuitton.com\/pt\/wp-json\/wp\/v2\/users\/2"}],"replies":[{"embeddable":true,"href":"https:\/\/www.flvuitton.com\/pt\/wp-json\/wp\/v2\/comments?post=15"}],"version-history":[{"count":36,"href":"https:\/\/www.flvuitton.com\/pt\/wp-json\/wp\/v2\/pages\/15\/revisions"}],"predecessor-version":[{"id":2280,"href":"https:\/\/www.flvuitton.com\/pt\/wp-json\/wp\/v2\/pages\/15\/revisions\/2280"}],"up":[{"embeddable":true,"href":"https:\/\/www.flvuitton.com\/pt\/wp-json\/wp\/v2\/pages\/5"}],"wp:featuredmedia":[{"embeddable":true,"href":"https:\/\/www.flvuitton.com\/pt\/wp-json\/wp\/v2\/media\/1164"}],"wp:attachment":[{"href":"https:\/\/www.flvuitton.com\/pt\/wp-json\/wp\/v2\/media?parent=15"}],"curies":[{"name":"wp","href":"https:\/\/api.w.org\/{rel}","templated":true}]}}