{"id":619,"date":"2015-08-05T10:47:51","date_gmt":"2015-08-05T09:47:51","guid":{"rendered":"http:\/\/flv.projet-client.com\/?page_id=619"},"modified":"2019-07-17T13:53:28","modified_gmt":"2019-07-17T12:53:28","slug":"la-collection-les-grands-crus","status":"publish","type":"page","link":"https:\/\/www.flvuitton.com\/pt\/la-collection-les-grands-crus\/","title":{"rendered":"La Collection &#8211; Les grands crus"},"content":{"rendered":"<a href=\"http:\/\/www.flvuitton.com\/wp-content\/uploads\/2015\/08\/collectiongrandcrupt1.png\"><img loading=\"lazy\" decoding=\"async\" class=\"alignnone wp-image-1937 size-full\" src=\"http:\/\/www.flvuitton.com\/wp-content\/uploads\/2015\/08\/collectiongrandcrupt1.png\" alt=\"\" width=\"680\" height=\"127\" srcset=\"https:\/\/www.flvuitton.com\/wp-content\/uploads\/2015\/08\/collectiongrandcrupt1.png 680w, https:\/\/www.flvuitton.com\/wp-content\/uploads\/2015\/08\/collectiongrandcrupt1-300x56.png 300w, https:\/\/www.flvuitton.com\/wp-content\/uploads\/2015\/08\/collectiongrandcrupt1-400x75.png 400w\" sizes=\"auto, (max-width: 680px) 100vw, 680px\" \/><\/a> <div class=\"pixcode-slider  pixslider  js-pixslider\" data-arrows data-autoheight data-slidertransition=\"move\"> <div class=\"slide\">\n<h4>La cuv\u00e9e priv\u00e9e du Ch\u00e2teau L\u00e9oville-Poyferr\u00e9<\/h4>\n<p>Grand Cru da classifica\u00e7\u00e3o de 1855, o prestigioso Ch\u00e2teau L\u00e9oville-Poyferr\u00e9 est\u00e1 no cora\u00e7\u00e3o da reputada regi\u00e3o vin\u00edcola do M\u00e9doc. Encarnando na perfei\u00e7\u00e3o a denomina\u00e7\u00e3o Saint-Julien, a sua complexidade elegante confere-lhe uma impressionante dignidade.<\/p>\n<p style=\"text-align: center;\">Descubra este vinho: <a href=\"http:\/\/www.flvuitton.com\/wp-content\/uploads\/2015\/08\/ft-flv-chateau-leoville-poyferre-2013-en.pdf\" target=\"_blank\">2013<\/a> \/ <a href=\"http:\/\/www.flvuitton.com\/wp-content\/uploads\/2015\/08\/ft-flv-chateau-leoville-poyferre-2014-en.pdf\" target=\"_blank\">2014<\/a><\/p>\n<\/div> <div class=\"slide\">\n<h4>La cuv\u00e9e priv\u00e9e du Ch\u00e2teau Lascombes<\/h4>\n<p>Dez gera\u00e7\u00f5es contribu\u00edram para o legado do Ch\u00e2teau Lascombes, Grand Cru Class\u00e9 em 1855. Todas elas participaram na excel\u00eancia dos seus vinhos. Fino e harmonioso, revela o car\u00e1ter delicado da denomina\u00e7\u00e3o Margaux.<\/p>\n<p style=\"text-align: center;\">Descubra este vinho: <a href=\"http:\/\/www.flvuitton.com\/wp-content\/uploads\/2015\/08\/ft-flv-chateau-lascombes-2010-en.pdf\" target=\"_blank\">2010<\/a> \/ <a href=\"http:\/\/www.flvuitton.com\/wp-content\/uploads\/2015\/08\/ft-flv-chateau-lascombes-2012-en.pdf\" target=\"_blank\">2012<\/a> \/ <a href=\"http:\/\/www.flvuitton.com\/wp-content\/uploads\/2015\/08\/ft-flv-chateau-lascombes-2014-en.pdf\" target=\"_blank\">2014<\/a><\/p>\n<\/div> <div class=\"slide\">\n<h4>La cuv\u00e9e priv\u00e9e du Ch\u00e2teau Malartic-Lagravi\u00e8re<\/h4>\n<p>O Ch\u00e2teau Malartic-Lagravi\u00e8re \u00e9 um dos \u00fanicos Grands Crus Class\u00e9s em branco e tinto. \u00c9 o resultado de um trabalho not\u00e1vel, digno do seu espl\u00eandido terroir. O equil\u00edbrio entre a pujan\u00e7a e a delicadeza valem-lhe a admira\u00e7\u00e3o de amadores de todo o mundo.<\/p>\n<p style=\"text-align: center;\">Pessac-L\u00e9ognan Rouge : <a href=\"http:\/\/www.flvuitton.com\/wp-content\/uploads\/2015\/08\/ft-flv-chateau-malartic-lagraviere-2009-en.pdf\" target=\"_blank\">2009<\/a> \/ <a href=\"http:\/\/www.flvuitton.com\/wp-content\/uploads\/2015\/08\/ft-flv-chateau-malartic-lagraviere-2010-en.pdf\" target=\"_blank\">2010<\/a> \/ <a href=\"http:\/\/www.flvuitton.com\/wp-content\/uploads\/2015\/08\/ft-flv-chateau-malartic-lagraviere-2013-en.pdf\" target=\"_blank\">2013<\/a> \/ <a href=\"http:\/\/www.flvuitton.com\/wp-content\/uploads\/2015\/08\/ft-flv-chateau-malartic-lagraviere-2014-en.pdf\" target=\"_blank\">2014<\/a> \/ <a href=\"http:\/\/www.flvuitton.com\/wp-content\/uploads\/2015\/08\/ft-flv-chateau-malartic-lagraviere-2015-en.pdf\">2015<\/a> &#8211; Pessac-L\u00e9ognan Blanc : <a href=\"http:\/\/www.flvuitton.com\/wp-content\/uploads\/2015\/08\/ft-flv-chateau-malartic-lagraviere-blanc-2015-en1.pdf\" target=\"_blank\">2015<\/a><\/p>\n<\/div> <div class=\"slide\">\n<h4>La cuv\u00e9e priv\u00e9e du Ch\u00e2teau La Gaffeli\u00e8re<\/h4>\n<p>O Ch\u00e2teau La Gaffeli\u00e8re \u00e9 uma propriedade familiar que parece emergir da Hist\u00f3ria. Este primeiro Grand Cru Class\u00e9 encarna de forma soberba a eleg\u00e2ncia de Saint-\u00c9milion. Suave e fresco, este vinho reflete os meticulosos cuidados sobre esta vinha dotada de um encanto hist\u00f3rico.<\/p>\n<p style=\"text-align: center;\">Descubra este vinho: <a href=\"http:\/\/www.flvuitton.com\/wp-content\/uploads\/2015\/08\/ft-chateau-la-gaffeliere-2009-collection-personnelle-flv-en1.pdf\" target=\"_blank\">2009<\/a> \/ <a href=\"http:\/\/www.flvuitton.com\/wp-content\/uploads\/2015\/08\/ft-chateau-la-gaffeliere-2012-collection-personnelle-flv-en1.pdf\" target=\"_blank\">2012<\/a> \/ <a href=\"http:\/\/www.flvuitton.com\/wp-content\/uploads\/2015\/08\/ft-flv-chateau-la-gaffeliere-2014-en.pdf\" target=\"_blank\">2014<\/a><\/p>\n<\/div> <div class=\"slide\">\n<h4>La cuv\u00e9e priv\u00e9e du Ch\u00e2teau Beauregard<\/h4>\n<p>O Ch\u00e2teau Beauregard renasce de um saber-fazer secular: criar um grande vinho de Pomerol. Erigida no s\u00e9culo XII no cora\u00e7\u00e3o da mais pequena e prestigiosa denomina\u00e7\u00e3o bordalesa, a propriedade assentou a sua notoriedade na majestade do local, bem como nos seus vinhos notavelmente frescos e elegantes como o desta colheita privada.<\/p>\n<p style=\"text-align: center;\"><a href=\"http:\/\/www.flvuitton.com\/wp-content\/uploads\/2015\/08\/ft-flv-chateau-beauregard-2015-en.pdf\" target=\"_blank\">Descubra este vinho<\/a><\/p>\n<\/div> <div class=\"slide\">\n<h4>La cuv\u00e9e priv\u00e9e du Ch\u00e2teau Dauzac<\/h4>\n<p>Grand Cru Class\u00e9 de 1855, o Ch\u00e2teau Dauzac revela h\u00e1 v\u00e1rios s\u00e9culos a quintess\u00eancia de um terroir de exce\u00e7\u00e3o, continuando a tradi\u00e7\u00e3o herdada dos seus pares e valorizando a biodiversidade do dom\u00ednio, uma preciosa fonte da qualidade do vinho.<\/p>\n<p style=\"text-align: center;\"><a href=\"http:\/\/www.flvuitton.com\/wp-content\/uploads\/2015\/08\/flv-chateau-dauzac-2015-en.pdf\" target=\"_blank\">Descubra este vinho<\/a><\/p>\n<\/div> <div class=\"slide\">\n<h4>La cuv\u00e9e priv\u00e9e du Ch\u00e2teau Faug\u00e8res<\/h4>\n<p>O Ch\u00e2teau Faug\u00e8res \u00e9 a hist\u00f3ria das vinhas e dos vinhos que se iniciou com uma paix\u00e3o &#8211; a do seu propriet\u00e1rio Silvio Denz pelo vinho, pela arte e pela arquitetura &#8211; e que continua desde ent\u00e3o com todo o envolvimento e a exig\u00eancia de qualidade que o caracterizam. A sua adega, verdadeira catedral vin\u00edcola que domina a vinha, \u00e9 hoje uma refer\u00eancia na paisagem de Saint-\u00c9milion.<\/p>\n<p style=\"text-align: center;\"><a href=\"http:\/\/www.flvuitton.com\/wp-content\/uploads\/2015\/08\/ft-flv-chateau-faugeres-2014-en.pdf\" target=\"_blank\">Descubra este vinho<\/a><\/p>\n<\/div> <div class=\"slide\">\n<h4>La cuv\u00e9e priv\u00e9e du Ch\u00e2teau Cadet-Bon<\/h4>\n<p>Situada \u00e0s portas da cidade medieval, na encosta sul da colina do Cadet, a vinha do Ch\u00e2teau Cadet-Bon desfruta de um terroir excecional. Fruto de um saber-fazer \u00fanico desde o s\u00e9culo XIV, este Saint-\u00c9milion complexo e matizado eleva-se ao n\u00edvel dos Grands Crus Class\u00e9s.<\/p>\n<p style=\"text-align: center;\"><a href=\"http:\/\/www.flvuitton.com\/wp-content\/uploads\/2015\/08\/ft-chateau-cadet-bon-2014-collection-personnelle-flv-en.pdf\" target=\"_blank\">Descubra este vinho<\/a><\/p>\n<\/div> <div class=\"slide\">\n<h4>La cuv\u00e9e priv\u00e9e du Ch\u00e2teau Lafaurie-Peyraguey<\/h4>\n<p>A hist\u00f3ria e a notoriedade do Ch\u00e2teau Lafaurie-Peyraguey est\u00e3o ligadas \u00e0s da denomina\u00e7\u00e3o Sauternes e \u00e0 classifica\u00e7\u00e3o de 1855. As pedras e os arquivos do pal\u00e1cio prestam um testemunho ao passado rico de oito s\u00e9culos do Ch\u00e2teau Lafaurie-Peyraguey.<\/p>\n<p style=\"text-align: center;\"><a href=\"http:\/\/www.flvuitton.com\/wp-content\/uploads\/2015\/08\/ft-flv-chateau-lafaurie-peyraguey-2010-en1.pdf\" target=\"_blank\">Descubra este vinho<\/a><\/p>\n<\/div> <\/div>","protected":false},"excerpt":{"rendered":"","protected":false},"author":2,"featured_media":0,"parent":0,"menu_order":0,"comment_status":"closed","ping_status":"closed","template":"page-templates\/slideshow.php","meta":{"footnotes":""},"class_list":["post-619","page","type-page","status-publish","hentry"],"_links":{"self":[{"href":"https:\/\/www.flvuitton.com\/pt\/wp-json\/wp\/v2\/pages\/619","targetHints":{"allow":["GET"]}}],"collection":[{"href":"https:\/\/www.flvuitton.com\/pt\/wp-json\/wp\/v2\/pages"}],"about":[{"href":"https:\/\/www.flvuitton.com\/pt\/wp-json\/wp\/v2\/types\/page"}],"author":[{"embeddable":true,"href":"https:\/\/www.flvuitton.com\/pt\/wp-json\/wp\/v2\/users\/2"}],"replies":[{"embeddable":true,"href":"https:\/\/www.flvuitton.com\/pt\/wp-json\/wp\/v2\/comments?post=619"}],"version-history":[{"count":200,"href":"https:\/\/www.flvuitton.com\/pt\/wp-json\/wp\/v2\/pages\/619\/revisions"}],"predecessor-version":[{"id":1956,"href":"https:\/\/www.flvuitton.com\/pt\/wp-json\/wp\/v2\/pages\/619\/revisions\/1956"}],"wp:attachment":[{"href":"https:\/\/www.flvuitton.com\/pt\/wp-json\/wp\/v2\/media?parent=619"}],"curies":[{"name":"wp","href":"https:\/\/api.w.org\/{rel}","templated":true}]}}