{"id":639,"date":"2015-08-08T12:02:17","date_gmt":"2015-08-08T11:02:17","guid":{"rendered":"http:\/\/flv.projet-client.com\/?page_id=639"},"modified":"2019-07-16T15:49:35","modified_gmt":"2019-07-16T14:49:35","slug":"le-partenariat-maison-bouey","status":"publish","type":"page","link":"https:\/\/www.flvuitton.com\/pt\/le-partenariat-maison-bouey\/","title":{"rendered":"Le partenariat maison bouey"},"content":{"rendered":"<div class=\"pixcode  pixcode--grid  grid  \">\n\n<div class=\"grid__item one-whole palm-one-whole \">\n\n<p><a href=\"http:\/\/www.flvuitton.com\/wp-content\/uploads\/2015\/08\/partenariatunionpt.png\"><img loading=\"lazy\" decoding=\"async\" class=\"alignnone wp-image-1941 size-full\" src=\"http:\/\/www.flvuitton.com\/wp-content\/uploads\/2015\/08\/partenariatunionpt.png\" alt=\"\" width=\"680\" height=\"127\" srcset=\"https:\/\/www.flvuitton.com\/wp-content\/uploads\/2015\/08\/partenariatunionpt.png 680w, https:\/\/www.flvuitton.com\/wp-content\/uploads\/2015\/08\/partenariatunionpt-300x56.png 300w, https:\/\/www.flvuitton.com\/wp-content\/uploads\/2015\/08\/partenariatunionpt-400x75.png 400w\" sizes=\"auto, (max-width: 680px) 100vw, 680px\" \/><\/a><\/p>\n<p>\u00c9 o car\u00e1ter familiar da Maison Bouey, que sempre esteve ligada \u00e0 sua regi\u00e3o, que seduziu &#8220;FLV&#8221;. A personalidade deste \u00faltimo e a originalidade de seu projeto conquistaram os irm\u00e3os Bouey, cuja voca\u00e7\u00e3o \u00e9 mais do que nunca brilhar a per\u00edcia de Bordeaux em todo o mundo.<\/p>\n<p>Desses dois esp\u00edritos da fam\u00edlia nasceu esta nova vis\u00e3o de um luxo contempor\u00e2neo e hedonista, que reinterpreta a tradi\u00e7\u00e3o dos maiores castelos de Bordeaux.<\/p>\n\n<\/div>\n\n\n<\/div>","protected":false},"excerpt":{"rendered":"","protected":false},"author":2,"featured_media":1149,"parent":0,"menu_order":0,"comment_status":"closed","ping_status":"closed","template":"","meta":{"footnotes":""},"class_list":["post-639","page","type-page","status-publish","has-post-thumbnail","hentry"],"_links":{"self":[{"href":"https:\/\/www.flvuitton.com\/pt\/wp-json\/wp\/v2\/pages\/639","targetHints":{"allow":["GET"]}}],"collection":[{"href":"https:\/\/www.flvuitton.com\/pt\/wp-json\/wp\/v2\/pages"}],"about":[{"href":"https:\/\/www.flvuitton.com\/pt\/wp-json\/wp\/v2\/types\/page"}],"author":[{"embeddable":true,"href":"https:\/\/www.flvuitton.com\/pt\/wp-json\/wp\/v2\/users\/2"}],"replies":[{"embeddable":true,"href":"https:\/\/www.flvuitton.com\/pt\/wp-json\/wp\/v2\/comments?post=639"}],"version-history":[{"count":25,"href":"https:\/\/www.flvuitton.com\/pt\/wp-json\/wp\/v2\/pages\/639\/revisions"}],"predecessor-version":[{"id":1954,"href":"https:\/\/www.flvuitton.com\/pt\/wp-json\/wp\/v2\/pages\/639\/revisions\/1954"}],"wp:featuredmedia":[{"embeddable":true,"href":"https:\/\/www.flvuitton.com\/pt\/wp-json\/wp\/v2\/media\/1149"}],"wp:attachment":[{"href":"https:\/\/www.flvuitton.com\/pt\/wp-json\/wp\/v2\/media?parent=639"}],"curies":[{"name":"wp","href":"https:\/\/api.w.org\/{rel}","templated":true}]}}