{"id":643,"date":"2015-08-08T12:03:30","date_gmt":"2015-08-08T11:03:30","guid":{"rendered":"http:\/\/flv.projet-client.com\/?page_id=643"},"modified":"2019-07-16T15:35:33","modified_gmt":"2019-07-16T14:35:33","slug":"maison-bouey","status":"publish","type":"page","link":"https:\/\/www.flvuitton.com\/pt\/le-partenariat-maison-bouey\/maison-bouey\/","title":{"rendered":"Maison bouey"},"content":{"rendered":"<div class=\"pixcode  pixcode--grid  grid  \">\n\n<div class=\"grid__item one-whole palm-one-whole \">\n\n<p><a href=\"http:\/\/www.flvuitton.com\/wp-content\/uploads\/2015\/08\/partenariatmaisonpt.png\"><img loading=\"lazy\" decoding=\"async\" class=\"alignnone wp-image-1943 size-full\" src=\"http:\/\/www.flvuitton.com\/wp-content\/uploads\/2015\/08\/partenariatmaisonpt.png\" alt=\"\" width=\"680\" height=\"127\" srcset=\"https:\/\/www.flvuitton.com\/wp-content\/uploads\/2015\/08\/partenariatmaisonpt.png 680w, https:\/\/www.flvuitton.com\/wp-content\/uploads\/2015\/08\/partenariatmaisonpt-300x56.png 300w, https:\/\/www.flvuitton.com\/wp-content\/uploads\/2015\/08\/partenariatmaisonpt-400x75.png 400w\" sizes=\"auto, (max-width: 680px) 100vw, 680px\" \/><\/a><\/p>\n<p>Em 1821, Jean Bouey adquire as primeiras vinhas familiares em Cussac, no cora\u00e7\u00e3o do M\u00e9doc.<\/p>\n<p>Embora a paix\u00e3o pelo vinho tenha a\u00ed as suas origens, \u00e9 em 1958 que regista um novo alento quando Roger Bouey funda a sua casa de neg\u00f3cios com os seus dois filhos, Andr\u00e9 e Serge.<br \/>\nEm finais do s\u00e9culo XX, este \u00faltimo passa o testemunho da tradi\u00e7\u00e3o familiar aos seus pr\u00f3prios filhos Patrick, hoje Presidente, e Jacques, Vice-Presidente (foto).<br \/>\nA Maison Bouey tornou-se assim umas das primeiras casas familiares e independentes.<\/p>\n<p>S\u00e3o l\u00e1 orgulhosamente cultivadas as suas ra\u00edzes vit\u00edcolas atrav\u00e9s das suas numerosas propriedades e vinhas, das quais emergem v\u00e1rios Crus Bourgeois do M\u00e9doc.<\/p>\n\n<\/div>\n\n\n<\/div>","protected":false},"excerpt":{"rendered":"","protected":false},"author":2,"featured_media":1152,"parent":639,"menu_order":0,"comment_status":"closed","ping_status":"closed","template":"","meta":{"footnotes":""},"class_list":["post-643","page","type-page","status-publish","has-post-thumbnail","hentry"],"_links":{"self":[{"href":"https:\/\/www.flvuitton.com\/pt\/wp-json\/wp\/v2\/pages\/643","targetHints":{"allow":["GET"]}}],"collection":[{"href":"https:\/\/www.flvuitton.com\/pt\/wp-json\/wp\/v2\/pages"}],"about":[{"href":"https:\/\/www.flvuitton.com\/pt\/wp-json\/wp\/v2\/types\/page"}],"author":[{"embeddable":true,"href":"https:\/\/www.flvuitton.com\/pt\/wp-json\/wp\/v2\/users\/2"}],"replies":[{"embeddable":true,"href":"https:\/\/www.flvuitton.com\/pt\/wp-json\/wp\/v2\/comments?post=643"}],"version-history":[{"count":37,"href":"https:\/\/www.flvuitton.com\/pt\/wp-json\/wp\/v2\/pages\/643\/revisions"}],"predecessor-version":[{"id":1944,"href":"https:\/\/www.flvuitton.com\/pt\/wp-json\/wp\/v2\/pages\/643\/revisions\/1944"}],"up":[{"embeddable":true,"href":"https:\/\/www.flvuitton.com\/pt\/wp-json\/wp\/v2\/pages\/639"}],"wp:featuredmedia":[{"embeddable":true,"href":"https:\/\/www.flvuitton.com\/pt\/wp-json\/wp\/v2\/media\/1152"}],"wp:attachment":[{"href":"https:\/\/www.flvuitton.com\/pt\/wp-json\/wp\/v2\/media?parent=643"}],"curies":[{"name":"wp","href":"https:\/\/api.w.org\/{rel}","templated":true}]}}