{"id":659,"date":"2015-08-08T12:35:13","date_gmt":"2015-08-08T11:35:13","guid":{"rendered":"http:\/\/flv.projet-client.com\/?page_id=659"},"modified":"2019-07-16T15:28:35","modified_gmt":"2019-07-16T14:28:35","slug":"francois-louis-vuitton","status":"publish","type":"page","link":"https:\/\/www.flvuitton.com\/pt\/francois-louis-vuitton\/","title":{"rendered":"Fran\u00e7ois-Louis Vuitton"},"content":{"rendered":"<div class=\"pixcode  pixcode--grid  grid  \">\n\n<div class=\"grid__item one-whole palm-one-whole \">\n\n<p><a href=\"http:\/\/www.flvuitton.com\/wp-content\/uploads\/2015\/08\/flvrencontrept.png\"><img loading=\"lazy\" decoding=\"async\" class=\"alignnone wp-image-1927 size-full\" src=\"http:\/\/www.flvuitton.com\/wp-content\/uploads\/2015\/08\/flvrencontrept.png\" alt=\"\" width=\"680\" height=\"127\" srcset=\"https:\/\/www.flvuitton.com\/wp-content\/uploads\/2015\/08\/flvrencontrept.png 680w, https:\/\/www.flvuitton.com\/wp-content\/uploads\/2015\/08\/flvrencontrept-300x56.png 300w, https:\/\/www.flvuitton.com\/wp-content\/uploads\/2015\/08\/flvrencontrept-400x75.png 400w\" sizes=\"auto, (max-width: 680px) 100vw, 680px\" \/><\/a><\/p>\n<p>Do seu trisav\u00f4 Luis Vuitton, Fran\u00e7ois-Louis Vuitton herdou o apelido, como todos os rapazes da fam\u00edlia. Os seus amigos chamavam-lhe simplesmente&#8230; &#8220;FLV&#8221;. Cresceu perto de Paris, nesta casa de fam\u00edlia onde est\u00e3o hoje instalados os ateliers de cria\u00e7\u00f5es por medida do c\u00e9lebre maleiro.<\/p>\n<p>Apaixonado pelo belo e pelo bom, amante da grande restaura\u00e7\u00e3o, dos grandes vinhos e charutos, encarna de forma perfeita o hedonismo e a arte de viver \u00e0 francesa.<\/p>\n<p>H\u00e1 muito ligado a Bord\u00e9us e \u00e0 vida prazenteira da bacia de Arcachon, \u00e9 nesse local que alimenta a sua paix\u00e3o pelo vinho.<\/p>\n\n<\/div>\n\n\n<\/div>","protected":false},"excerpt":{"rendered":"","protected":false},"author":2,"featured_media":1141,"parent":0,"menu_order":0,"comment_status":"closed","ping_status":"closed","template":"","meta":{"footnotes":""},"class_list":["post-659","page","type-page","status-publish","has-post-thumbnail","hentry"],"_links":{"self":[{"href":"https:\/\/www.flvuitton.com\/pt\/wp-json\/wp\/v2\/pages\/659","targetHints":{"allow":["GET"]}}],"collection":[{"href":"https:\/\/www.flvuitton.com\/pt\/wp-json\/wp\/v2\/pages"}],"about":[{"href":"https:\/\/www.flvuitton.com\/pt\/wp-json\/wp\/v2\/types\/page"}],"author":[{"embeddable":true,"href":"https:\/\/www.flvuitton.com\/pt\/wp-json\/wp\/v2\/users\/2"}],"replies":[{"embeddable":true,"href":"https:\/\/www.flvuitton.com\/pt\/wp-json\/wp\/v2\/comments?post=659"}],"version-history":[{"count":35,"href":"https:\/\/www.flvuitton.com\/pt\/wp-json\/wp\/v2\/pages\/659\/revisions"}],"predecessor-version":[{"id":1928,"href":"https:\/\/www.flvuitton.com\/pt\/wp-json\/wp\/v2\/pages\/659\/revisions\/1928"}],"wp:featuredmedia":[{"embeddable":true,"href":"https:\/\/www.flvuitton.com\/pt\/wp-json\/wp\/v2\/media\/1141"}],"wp:attachment":[{"href":"https:\/\/www.flvuitton.com\/pt\/wp-json\/wp\/v2\/media?parent=659"}],"curies":[{"name":"wp","href":"https:\/\/api.w.org\/{rel}","templated":true}]}}